{"id":3391,"date":"2015-06-15T15:45:33","date_gmt":"2015-06-15T13:45:33","guid":{"rendered":"https:\/\/www.hansjoerg-schellenberger.com\/?page_id=3391"},"modified":"2017-05-31T15:35:10","modified_gmt":"2017-05-31T13:35:10","slug":"masterclasses","status":"publish","type":"page","link":"https:\/\/www.hansjoerg-schellenberger.com\/en\/masterclasses\/","title":{"rendered":"Masterclasses"},"content":{"rendered":"<h2><span class=\"SH_09_Fliess\"><strong><span class=\"SH_09_Rot_bld Stil9\"><span class=\"Stil12\">Masterclasses in Sachrang<\/span><\/span><\/strong><\/span><\/h2>\n<p>&nbsp;<\/p>\n<p class=\"SH_09_Fliess\" style=\"text-align: justify;\">Margit-Anna S\u00fc\u00df and Hansj\u00f6rg Schellenberger hold successful international classes for different musical instruments. It all began in 2005 in the picturesque idyllic village of Sachrang situated in the mountains, at the end of the &#8220;Prien Valley&#8221;, between Chiemsee and Kufstein, not far away from the Tyrolean border \u2013 a tranquil, recreational spot beckoning to the visitors and offering mountain trek or winter sports.<\/p>\n<p>&nbsp;<br \/>\n<strong>For further information:<\/strong> <a href=\"http:\/\/www.musik-forum-sachrang.de\/\" target=\"_blank\">www.musik-forum-sachrang.com<\/a><\/p>\n","protected":false},"excerpt":{"rendered":"<p>Masterclasses in Sachrang &nbsp; Margit-Anna S\u00fc\u00df and Hansj\u00f6rg Schellenberger hold successful international classes for different musical instruments. It all began in 2005 in the picturesque idyllic village of Sachrang situated in the mountains, at the end of the &#8220;Prien Valley&#8221;, between Chiemsee and Kufstein, not far away from the Tyrolean border \u2013 a tranquil, recreational [&hellip;]<\/p>\n","protected":false},"author":7,"featured_media":0,"parent":0,"menu_order":0,"comment_status":"open","ping_status":"open","template":"","meta":{"footnotes":""},"class_list":["post-3391","page","type-page","status-publish","hentry"],"_links":{"self":[{"href":"https:\/\/www.hansjoerg-schellenberger.com\/en\/wp-json\/wp\/v2\/pages\/3391","targetHints":{"allow":["GET"]}}],"collection":[{"href":"https:\/\/www.hansjoerg-schellenberger.com\/en\/wp-json\/wp\/v2\/pages"}],"about":[{"href":"https:\/\/www.hansjoerg-schellenberger.com\/en\/wp-json\/wp\/v2\/types\/page"}],"author":[{"embeddable":true,"href":"https:\/\/www.hansjoerg-schellenberger.com\/en\/wp-json\/wp\/v2\/users\/7"}],"replies":[{"embeddable":true,"href":"https:\/\/www.hansjoerg-schellenberger.com\/en\/wp-json\/wp\/v2\/comments?post=3391"}],"version-history":[{"count":0,"href":"https:\/\/www.hansjoerg-schellenberger.com\/en\/wp-json\/wp\/v2\/pages\/3391\/revisions"}],"wp:attachment":[{"href":"https:\/\/www.hansjoerg-schellenberger.com\/en\/wp-json\/wp\/v2\/media?parent=3391"}],"curies":[{"name":"wp","href":"https:\/\/api.w.org\/{rel}","templated":true}]}}