{"id":4525,"date":"2022-02-22T16:47:06","date_gmt":"2022-02-22T14:47:06","guid":{"rendered":"https:\/\/www.hansjoerg-schellenberger.com\/?page_id=4525"},"modified":"2023-01-25T12:37:50","modified_gmt":"2023-01-25T10:37:50","slug":"konzerttermine-2023","status":"publish","type":"page","link":"https:\/\/www.hansjoerg-schellenberger.com\/en\/konzerttermine-2023\/","title":{"rendered":"Concert Diary 2023"},"content":{"rendered":"<p><strong>Concert Diary 2023<br \/>\n<\/strong><\/p>\n<p>Ongoing negotiations about a tour of China<br \/>\nwith the Berliner Symphoniker<\/p>\n<p>&nbsp;<\/p>\n<p><strong>February 2023<\/strong><\/p>\n<p>14.2. &#8211; 1.3.\u00a0 Dubai, Jury Chairman<br \/>\nClassic Winds<br \/>\nFlute \u00b7 Saxophone \u00b7 Clarinet \u00b7 Oboe<br \/>\nInternational Competition<\/p>\n<p>&nbsp;<\/p>\n<p><strong>March 2023<\/strong><\/p>\n<p>16. &#8211; 20.3. Israel<br \/>\nRecital and Masterclass<\/p>\n<p>&nbsp;<\/p>\n<p><strong>April 2023<\/strong><\/p>\n<p>2.4. Berlin, Kreuzberg<br \/>\nLiteraturkonzert Berliner Orte<br \/>\nMusic by Zulf\u00fc Livaneli<br \/>\nMehmet Yilmaz, Presenter<br \/>\nBerliner Symphoniker<br \/>\nconducted by Hansj\u00f6rg Schellenberger<br \/>\n<strong><br \/>\n&nbsp;<br \/>\nMay 2023<\/strong><\/p>\n<p>21.5. Berlin, Philharmonie<br \/>\nAnton\u00edn Dvo\u0159\u00e1k: <em>The Noon Witch<\/em> Op. 108<br \/>\nAntonin Reicha: Piano Concerto in E flat major<br \/>\n(Soloist: <a href=\"https:\/\/de.wikipedia.org\/wiki\/Ivan_Ili%C4%87_(Pianist)\" target=\"_blank\" rel=\"noopener\">Ivan Ilic<\/a>)<br \/>\nAnton\u00edn Dvo\u0159\u00e1k: Symphony No. 9 in e minor Op. 95<br \/>\n\u00bbFrom the New World\u00ab<br \/>\nBerliner Symphoniker<br \/>\nConductor: Hansj\u00f6rg Schellenberger<\/p>\n<p>&nbsp;<\/p>\n<p><strong>June 2023<\/strong><\/p>\n<p>11.6. Berlin, Philharmonie<br \/>\nPeter Michael Hamel: Symphony No. 6 for Baritone and Orchestra<br \/>\n(World Premiere)<br \/>\nClaude Debussy: Danses sacr\u00e9es et profanes for Harp and Strings<br \/>\nLudwig van Beethoven: Symphony No. 6 F major Op. 68 \u00bbPastoral\u00ab<br \/>\n<a href=\"http:\/\/www.dominikwoerner.de\/\" target=\"_blank\" rel=\"noopener\">Dominik W\u00f6rner<\/a>, Baritone<br \/>\n<a href=\"http:\/\/www.serafinajaffe.de\/\" target=\"_blank\" rel=\"noopener\">Serafina Jaff\u00e8<\/a>, Harp<br \/>\nBerliner Symphoniker<br \/>\nConductor: Hansj\u00f6rg Schellenberger<\/p>\n<p>14.6. \u2013 3.7. Tour of Japan with the Berliner Symphoniker<\/p>\n<p>&nbsp;<\/p>\n<p><strong>July 2023<\/strong><\/p>\n<p>7. &#8211; 20. 7. Santander, Spain<br \/>\nFestival \u00bbEncuentro de Musica\u00ab<\/p>\n<p>24.\u00a0&#8211; 30.7. Sachrang, Musikforum<br \/>\nMasterclass Oboe<\/p>\n<p>31.7. \u2013 6.8. Linz, University<br \/>\nMasterclass Oboe<\/p>\n<p>&nbsp;<\/p>\n<p><strong>October 2023<\/strong><\/p>\n<p>1.-8.10. Tokio<br \/>\nJury chairman at the<\/p>\n<p><span class=\"VIiyi\" lang=\"en\"><span class=\"JLqJ4b ChMk0b\" data-language-for-alternatives=\"en\" data-language-to-translate-into=\"de\" data-phrase-index=\"0\" data-number-of-phrases=\"1\">President of the Jury at the International Oboe Competition of Japan<\/span><\/span><\/p>\n<p>&nbsp;<\/p>\n<p><strong>December 2023<\/strong><\/p>\n<p>31. 12. Berlin, Philharmonie (Kammermusiksaal)<br \/>\nNew Year&#8217;s Eve Concert with the Berliner Symphoniker<br \/>\nConductor: Hansj\u00f6rg Schellenberger<\/p>\n<p>&nbsp;<\/p>\n<p>&nbsp;<\/p>\n","protected":false},"excerpt":{"rendered":"<p>Concert Diary 2023 Ongoing negotiations about a tour of China with the Berliner Symphoniker &nbsp; February 2023 14.2. &#8211; 1.3.\u00a0 Dubai, Jury Chairman Classic Winds Flute \u00b7 Saxophone \u00b7 Clarinet \u00b7 Oboe International Competition &nbsp; March 2023 16. &#8211; 20.3. Israel Recital and Masterclass &nbsp; April 2023 2.4. Berlin, Kreuzberg Literaturkonzert Berliner Orte Music by [&hellip;]<\/p>\n","protected":false},"author":7,"featured_media":0,"parent":0,"menu_order":0,"comment_status":"closed","ping_status":"closed","template":"","meta":{"footnotes":""},"class_list":["post-4525","page","type-page","status-publish","hentry"],"_links":{"self":[{"href":"https:\/\/www.hansjoerg-schellenberger.com\/en\/wp-json\/wp\/v2\/pages\/4525","targetHints":{"allow":["GET"]}}],"collection":[{"href":"https:\/\/www.hansjoerg-schellenberger.com\/en\/wp-json\/wp\/v2\/pages"}],"about":[{"href":"https:\/\/www.hansjoerg-schellenberger.com\/en\/wp-json\/wp\/v2\/types\/page"}],"author":[{"embeddable":true,"href":"https:\/\/www.hansjoerg-schellenberger.com\/en\/wp-json\/wp\/v2\/users\/7"}],"replies":[{"embeddable":true,"href":"https:\/\/www.hansjoerg-schellenberger.com\/en\/wp-json\/wp\/v2\/comments?post=4525"}],"version-history":[{"count":0,"href":"https:\/\/www.hansjoerg-schellenberger.com\/en\/wp-json\/wp\/v2\/pages\/4525\/revisions"}],"wp:attachment":[{"href":"https:\/\/www.hansjoerg-schellenberger.com\/en\/wp-json\/wp\/v2\/media?parent=4525"}],"curies":[{"name":"wp","href":"https:\/\/api.w.org\/{rel}","templated":true}]}}