{"id":4532,"date":"2022-02-22T17:42:13","date_gmt":"2022-02-22T15:42:13","guid":{"rendered":"https:\/\/www.hansjoerg-schellenberger.com\/?page_id=4532"},"modified":"2024-05-22T20:35:28","modified_gmt":"2024-05-22T18:35:28","slug":"concert-diary-2024","status":"publish","type":"page","link":"https:\/\/www.hansjoerg-schellenberger.com\/en\/concert-diary-2024\/","title":{"rendered":"Concert Diary 2024"},"content":{"rendered":"<p><strong>Concert Diary 2024<\/strong><\/p>\n<p><strong>January 2024<\/strong><\/p>\n<p>Tour of Japan with Margit-Anna S\u00fc\u00df<\/p>\n<p>Concert dates already confirmed:<\/p>\n<p>21.01.2024 Okayama Philharmonic Orchestra<br \/>\nConcerto for Flute and Harp KV 299, arr. for oboe<br \/>\nMargit-Anna S\u00fc\u00df, single action harp<br \/>\nHansj\u00f6rg Schellenberger, oboe &amp; conductor<\/p>\n<p>25.01.2024 Nagoya Philharmonic Orchestra<br \/>\nConcerto for Flute and Harp KV 299, arr. for oboe<br \/>\nMargit-Anna S\u00fc\u00df, single action harp<br \/>\nHansj\u00f6rg Schellenberger, oboe &amp; conductor<\/p>\n<p>27.1.2024 Tokyo Bunka Kaikan<br \/>\nRecital Margit Anna-S\u00fc\u00df &amp; Hansj\u00f6rg Schellenberger<\/p>\n<p><strong>February 2024<\/strong><\/p>\n<p>03.02.2024 Kyoto<br \/>\nRecital Margit Anna-S\u00fc\u00df &amp; Hansj\u00f6rg Schellenberger<\/p>\n<p>03.02.2024 Okayama<br \/>\nRecital Margit Anna-S\u00fc\u00df &amp; Hansj\u00f6rg Schellenberger<\/p>\n<p>09. \u2013 11.02.2024 Ayogo, Pap-Orchestra<br \/>\nConcerto for Flute and Harp KV 299, arr. for oboe<br \/>\nMargit-Anna S\u00fc\u00df, single action harp<br \/>\nHansj\u00f6rg Schellenberger, oboe &amp; conductor<\/p>\n<p><strong>Juni 2024<\/strong><\/p>\n<p>19.06.24 Munich, Residence<br \/>\nBaroque concert with Bach and contemporaries<\/p>\n<p><strong>September 2024<\/strong><\/p>\n<p>21.09.2024 Wessling near Munich<br \/>\nTrio concertos for 2 oboes and cor anglais<br \/>\nHansj\u00f6rg Schellenberger together with Ram\u00f3n Ortega Quero and his wife Tamar Inbar<\/p>\n<p>22.09.2024 Sachrang<br \/>\nTrio concertos for 2 oboes and cor anglais<br \/>\nHansj\u00f6rg Schellenberger together with Ram\u00f3n Ortega Quero and his wife Tamar Inbar<\/p>\n<p>23.-30.9.2024, Sachrang<br \/>\nOboe master class<br \/>\ntogether with the solo oboist of the BR Symphony Orchestra, Ram\u00f3n Ortega Quero<br \/>\nInformation: <a href=\"http:\/\/musik-forum-sachrang.de\/index.php\/de\/\" target=\"_blank\" rel=\"noopener\">website musik-forum-sachrang.de<\/a><\/p>\n<p><strong>October 2024<\/strong><\/p>\n<p>27.10.2024, Sachrang<br \/>\nConcert with works by Bach<\/p>\n<p><strong>November 2024<\/strong><\/p>\n<p>4.-17.11.2024 Tokyo<br \/>\nMaster class at the Senzoku Gakuen University,<br \/>\nthen at Geidai University Kyoto and Osaka City University<\/p>\n<p><strong>December 2024<\/strong><\/p>\n<p>29.12.2024 Sachrang<br \/>\nConcert at the end of the year with the new &#8220;La Banda Vecchia&#8221;<br \/>\nincluding excerpts from &#8220;Die Winterreise&#8221; by Franz Schubert<\/p>\n<p>&nbsp;<\/p>\n","protected":false},"excerpt":{"rendered":"<p>Concert Diary 2024 January 2024 Tour of Japan with Margit-Anna S\u00fc\u00df Concert dates already confirmed: 21.01.2024 Okayama Philharmonic Orchestra Concerto for Flute and Harp KV 299, arr. for oboe Margit-Anna S\u00fc\u00df, single action harp Hansj\u00f6rg Schellenberger, oboe &amp; conductor 25.01.2024 Nagoya Philharmonic Orchestra Concerto for Flute and Harp KV 299, arr. for oboe Margit-Anna S\u00fc\u00df, [&hellip;]<\/p>\n","protected":false},"author":7,"featured_media":0,"parent":0,"menu_order":0,"comment_status":"closed","ping_status":"closed","template":"","meta":{"footnotes":""},"class_list":["post-4532","page","type-page","status-publish","hentry"],"_links":{"self":[{"href":"https:\/\/www.hansjoerg-schellenberger.com\/en\/wp-json\/wp\/v2\/pages\/4532","targetHints":{"allow":["GET"]}}],"collection":[{"href":"https:\/\/www.hansjoerg-schellenberger.com\/en\/wp-json\/wp\/v2\/pages"}],"about":[{"href":"https:\/\/www.hansjoerg-schellenberger.com\/en\/wp-json\/wp\/v2\/types\/page"}],"author":[{"embeddable":true,"href":"https:\/\/www.hansjoerg-schellenberger.com\/en\/wp-json\/wp\/v2\/users\/7"}],"replies":[{"embeddable":true,"href":"https:\/\/www.hansjoerg-schellenberger.com\/en\/wp-json\/wp\/v2\/comments?post=4532"}],"version-history":[{"count":4,"href":"https:\/\/www.hansjoerg-schellenberger.com\/en\/wp-json\/wp\/v2\/pages\/4532\/revisions"}],"predecessor-version":[{"id":4816,"href":"https:\/\/www.hansjoerg-schellenberger.com\/en\/wp-json\/wp\/v2\/pages\/4532\/revisions\/4816"}],"wp:attachment":[{"href":"https:\/\/www.hansjoerg-schellenberger.com\/en\/wp-json\/wp\/v2\/media?parent=4532"}],"curies":[{"name":"wp","href":"https:\/\/api.w.org\/{rel}","templated":true}]}}